{"id":28,"date":"2017-03-24T16:27:51","date_gmt":"2017-03-24T16:27:51","guid":{"rendered":"http:\/\/siponlus.it\/?page_id=28"},"modified":"2017-04-02T06:56:08","modified_gmt":"2017-04-02T06:56:08","slug":"la-societa","status":"publish","type":"page","link":"https:\/\/siponlus.it\/?page_id=28","title":{"rendered":"La societ\u00e0"},"content":{"rendered":"<p>La Societ\u00e0 Italiana di Protistologia <em>onlus<\/em> (SIP <em>onlus<\/em>) nasce nel 2007 come rifondazione della gi\u00e0 esistente Societ\u00e0 Italiana di Protozoologia. Quest&#8217;ultima, fu costituita nel 1965 grazie all&#8217;impegno pionieristico del primo nucleo di Soci Fondatori, i Professori <strong>Tina Franceschi<\/strong>,<strong>Renzo Nobili<\/strong>, <strong>Elsa Bottazzi Massera<\/strong> e <strong>Bruno Schreiber<\/strong>.<\/p>\n<p>Il Motivo ispiratore fu quello di &#8220;<em>Incrementare gli studi di Protozoologia, riunendo i cultori della materia e promuovendo il coordinamento delle loro attivit\u00e0<\/em>&#8220;.<\/p>\n<p>La SIP <em>onlus<\/em>, \u00e8 affiliata alla <em><a href=\"http:\/\/www.uga.edu\/protozoa\/\">Society of Protozoologists<\/a> (U.S.A.).<\/em><\/p>\n<p>La SIP <em>onlus<\/em>, ha sede legale presso il Museo di Storia Naturale e del Territorio dell&#8217;Universit\u00e0 di Pisa, Certosa, Calci, Pisa.<\/p>\n<ul>\n<li><a href=\"https:\/\/siponlus.it\/?page_id=31\">Storia della Fondazione della Societ\u00e0 Italiana di Protozoologia<\/a><\/li>\n<li><a href=\"https:\/\/siponlus.it\/?page_id=39\">Statuto<\/a><\/li>\n<li><a href=\"https:\/\/siponlus.it\/?page_id=41\">Direttivo<\/a><\/li>\n<li><a href=\"https:\/\/siponlus.it\/?page_id=42\">Soci<\/a><\/li>\n<\/ul>\n","protected":false},"excerpt":{"rendered":"<p>La Societ\u00e0 Italiana di Protistologia onlus (SIP onlus) nasce nel 2007 come rifondazione della gi\u00e0 esistente Societ\u00e0 Italiana di Protozoologia. Quest&#8217;ultima, fu costituita nel 1965 grazie all&#8217;impegno pionieristico del primo nucleo di Soci Fondatori, i Professori Tina Franceschi,Renzo Nobili, Elsa Bottazzi Massera e Bruno Schreiber. Il Motivo ispiratore fu quello di &#8220;Incrementare gli studi di &hellip; <a href=\"https:\/\/siponlus.it\/?page_id=28\" class=\"more-link\">Continua la lettura di <span class=\"screen-reader-text\">La societ\u00e0<\/span> <span class=\"meta-nav\">&rarr;<\/span><\/a><\/p>\n","protected":false},"author":1,"featured_media":0,"parent":0,"menu_order":0,"comment_status":"closed","ping_status":"closed","template":"","meta":{"ngg_post_thumbnail":0,"footnotes":""},"class_list":["post-28","page","type-page","status-publish","hentry"],"_links":{"self":[{"href":"https:\/\/siponlus.it\/index.php?rest_route=\/wp\/v2\/pages\/28","targetHints":{"allow":["GET"]}}],"collection":[{"href":"https:\/\/siponlus.it\/index.php?rest_route=\/wp\/v2\/pages"}],"about":[{"href":"https:\/\/siponlus.it\/index.php?rest_route=\/wp\/v2\/types\/page"}],"author":[{"embeddable":true,"href":"https:\/\/siponlus.it\/index.php?rest_route=\/wp\/v2\/users\/1"}],"replies":[{"embeddable":true,"href":"https:\/\/siponlus.it\/index.php?rest_route=%2Fwp%2Fv2%2Fcomments&post=28"}],"version-history":[{"count":4,"href":"https:\/\/siponlus.it\/index.php?rest_route=\/wp\/v2\/pages\/28\/revisions"}],"predecessor-version":[{"id":363,"href":"https:\/\/siponlus.it\/index.php?rest_route=\/wp\/v2\/pages\/28\/revisions\/363"}],"wp:attachment":[{"href":"https:\/\/siponlus.it\/index.php?rest_route=%2Fwp%2Fv2%2Fmedia&parent=28"}],"curies":[{"name":"wp","href":"https:\/\/api.w.org\/{rel}","templated":true}]}}