{"id":31,"date":"2017-03-24T16:29:23","date_gmt":"2017-03-24T16:29:23","guid":{"rendered":"http:\/\/siponlus.it\/?page_id=31"},"modified":"2017-03-24T16:51:09","modified_gmt":"2017-03-24T16:51:09","slug":"storia","status":"publish","type":"page","link":"https:\/\/siponlus.it\/?page_id=31","title":{"rendered":"Storia della Fondazione della Societ\u00e0 Italiana di Protozoologia"},"content":{"rendered":"<p class=\"style1\" align=\"justify\"><span style=\"font-family: 'Comic Sans MS';\"><span style=\"color: #660404;\">Nel corso del II Congresso Internazionale di Protozoologia (Londra 29\/7 <\/span><span style=\"color: #660404;\">&#8211; 5\/8\/1965) fu proposta dal Prof. Pierre de Puytorac la costituzione di una Organizzazione Internazionale di Protozoologia (<a href=\"https:\/\/siponlus.it\/wp-content\/uploads\/2017\/03\/allegato1.pdf\">allegato1<\/a><\/span><span style=\"color: #660404;\">). <\/span><span style=\"color: #660404;\">Subito dopo fu proposta ed accettata la formalizzazione di una &#8220;International Commission on Protozoology&#8221; (<a href=\"https:\/\/siponlus.it\/wp-content\/uploads\/2017\/03\/allegato2.pdf\">allegato2<\/a><\/span><span style=\"color: #660404;\">) con il <\/span><span style=\"color: #660404;\">preciso scopo di organizzare le Conferenze Internazionali e di collaborare con i Comitati Organizzatori dei singoli gruppi o Societ\u00e0 Nazionali.<\/span><\/span><\/p>\n<p class=\"style1\" align=\"justify\"><span style=\"font-family: 'Comic Sans MS';\"><span style=\"color: #660404;\">La Prof. <\/span><span style=\"color: #660404;\">Franceschi, conscia della grande opportunit\u00e0 che si presentava alla protozoologia italiana di inserirsi nel circuito internazionale, contatt\u00f2 il Prof. Nobili nell&#8217;ambito di una iniziativa, volta alla costituzione di un Gruppo Nazionale. Venne cos\u00ec costituito un primo nucleo al quale afferirono i Proff. Elsa Bottazzi-Massera, Tina Franceschi, Renzo Nobili e Bruno Schreiber (<a href=\"https:\/\/siponlus.it\/wp-content\/uploads\/2017\/03\/allegato3.pdf\">allegato3<\/a><\/span><span style=\"color: #660404;\">).<\/span><\/span><\/p>\n<p class=\"style1\" align=\"justify\"><span style=\"font-family: 'Comic Sans MS';\"><span style=\"color: #660404;\">Tale iniziativa fu presentata all&#8217;Assemblea Ordinaria dei Soci dell&#8217;Unione Zoologica<\/span><span style=\"color: #660404;\">Italiana (UZI), in occasione del 34\u00b0 Convegno, che si tenne a Pallanza dal 27 Settembre al 2 Ottobre e port\u00f2 alla costituzione del Gruppo Nazionale di Protozoologia, formato da 20 aderenti (<a href=\"https:\/\/siponlus.it\/wp-content\/uploads\/2017\/03\/allegato4.pdf\">allegato4<\/a><\/span><span style=\"color: #660404;\">).<\/span><\/span><\/p>\n<p class=\"style2\" align=\"justify\"><span style=\"font-family: 'Comic Sans MS';\"><span style=\"color: #660404;\">In tale sede venne costituita una Commissione Provvisoria composta dai Prof. <\/span><span style=\"color: #660404;\">Marisa Cigada, Alessandro Filipponi, Tina Franceschi con funzioni di Segretario, Renzo Nobili, Silvio Ranni, Bruno Schreiber, Giorgio Schreiber.<\/span><\/span><\/p>\n<p class=\"style1\" align=\"justify\"><span style=\"font-family: 'Comic Sans MS';\"><span style=\"color: #660404;\">Il 30 Ottobre 1965, presso l&#8217;Istituto di Zoologia di <\/span><span style=\"color: #660404;\">Milano, ebbe luogo la definitiva costituzione del gruppo denominato Societ\u00e0 Italiana di Protozoologia (SIP) il cui comitato direttivo era formato da: Giuseppe Scortecci (Presidente), Renzo Nobili (Vice Presidente), Tina Franceschi (Segretario) (<a href=\"https:\/\/siponlus.it\/wp-content\/uploads\/2017\/03\/allegato5.pdf\">allegato5<\/a><\/span><span style=\"color: #660404;\">). <\/span><span style=\"color: #660404;\">Al Segretario furono attribuite funzioni di Rappresentante della SIP all&#8217;estero, con lo specifico mandato di partecipare alle attivit\u00e0 intraprese dalla Commissione Internazionale di Protozoologia.<\/span><\/span><\/p>\n<p class=\"style2\" align=\"left\"><span style=\"font-family: 'Comic Sans MS';\"><span style=\"color: #660404;\">L&#8217;attivit\u00e0 scientifica della nuova Societ\u00e0 inizi\u00f2 ufficialmente con il <\/span><span style=\"color: #660404;\">Convegno di Genova del 1967. Nel 1968 la SIP tenne la sua riunione scientifica congiuntamente con quella della Societ\u00e0 Italiana di Parassitologia, a Trieste, nel tentativo, ben presto dismesso, di iniziare una attivit\u00e0 organizzativa congr<span style=\"font-size: small;\">essuale c<\/span>omune alle due Societ\u00e0. Le successive riunioni scientifiche informali della SIP furono tenute a Genova nel 1972, a Pisa nel 1975, a Camerino nel 1976, a Ferrara nel 1977. L &#8216;attivit\u00e0 congressuale formale fu ripresa a partire dal 1978 e con cadenza annuale dal 1982.<\/span><\/span><\/p>\n<p class=\"style2\" align=\"justify\"><span style=\"font-family: 'Comic Sans MS';\"><span style=\"color: #660404;\">L&#8217;affiliazione, nel 1983, alla Society of Protozoologists (USA) ha <\/span><span style=\"color: #660404;\">segnato una tappa importante nella Storia della Societ\u00e0. Dall&#8217;anno 1982, gli abstract dei lavori presentati ai Convegni sono stati pubblicati sulla rivista della &#8220;Society of Protozoologists&#8221;, cio\u00e8 su &#8220;The Journal of Protozoology&#8221; attualmente &#8220;The Journal of Eukaryotic Microbiology&#8221;.<\/span><\/span><\/p>\n<p class=\"style2\" align=\"justify\"><span style=\"font-family: 'Comic Sans MS';\"><span style=\"color: #660404;\">Nel 2007, la Societ\u00e0 Italiana di Protozoologia viene rifondata come Societ\u00e0 Italiana di Protistologia <i>onlus <\/i>(SIP<i> onlus<\/i>) e, dopo un&#8217;approfondita discussione, nel settembre dello stesso anno, l&#8217;Assemblea dei Soci ne approva all&#8217;unanimit\u00e0 lo Statuto.<\/span><\/span><\/p>\n<p class=\"style2\" align=\"justify\">M. G. Chessa, F. Dini, A. Amaroli<\/p>\n<p class=\"style2\" align=\"justify\">\n","protected":false},"excerpt":{"rendered":"<p>Nel corso del II Congresso Internazionale di Protozoologia (Londra 29\/7 &#8211; 5\/8\/1965) fu proposta dal Prof. Pierre de Puytorac la costituzione di una Organizzazione Internazionale di Protozoologia (allegato1). Subito dopo fu proposta ed accettata la formalizzazione di una &#8220;International Commission on Protozoology&#8221; (allegato2) con il preciso scopo di organizzare le Conferenze Internazionali e di collaborare &hellip; <a href=\"https:\/\/siponlus.it\/?page_id=31\" class=\"more-link\">Continua la lettura di <span class=\"screen-reader-text\">Storia della Fondazione della Societ\u00e0 Italiana di Protozoologia<\/span> <span class=\"meta-nav\">&rarr;<\/span><\/a><\/p>\n","protected":false},"author":1,"featured_media":0,"parent":0,"menu_order":0,"comment_status":"closed","ping_status":"closed","template":"","meta":{"ngg_post_thumbnail":0,"footnotes":""},"class_list":["post-31","page","type-page","status-publish","hentry"],"_links":{"self":[{"href":"https:\/\/siponlus.it\/index.php?rest_route=\/wp\/v2\/pages\/31","targetHints":{"allow":["GET"]}}],"collection":[{"href":"https:\/\/siponlus.it\/index.php?rest_route=\/wp\/v2\/pages"}],"about":[{"href":"https:\/\/siponlus.it\/index.php?rest_route=\/wp\/v2\/types\/page"}],"author":[{"embeddable":true,"href":"https:\/\/siponlus.it\/index.php?rest_route=\/wp\/v2\/users\/1"}],"replies":[{"embeddable":true,"href":"https:\/\/siponlus.it\/index.php?rest_route=%2Fwp%2Fv2%2Fcomments&post=31"}],"version-history":[{"count":6,"href":"https:\/\/siponlus.it\/index.php?rest_route=\/wp\/v2\/pages\/31\/revisions"}],"predecessor-version":[{"id":63,"href":"https:\/\/siponlus.it\/index.php?rest_route=\/wp\/v2\/pages\/31\/revisions\/63"}],"wp:attachment":[{"href":"https:\/\/siponlus.it\/index.php?rest_route=%2Fwp%2Fv2%2Fmedia&parent=31"}],"curies":[{"name":"wp","href":"https:\/\/api.w.org\/{rel}","templated":true}]}}